{"id":6143,"date":"2023-07-02T21:36:31","date_gmt":"2023-07-02T20:36:31","guid":{"rendered":"https:\/\/packagink.com\/lorandi\/"},"modified":"2023-07-03T17:01:14","modified_gmt":"2023-07-03T16:01:14","slug":"lorandi","status":"publish","type":"page","link":"https:\/\/packagink.com\/it\/lorandi\/","title":{"rendered":"Lorandi"},"content":{"rendered":"<p>[et_pb_section fb_built=&#8221;1&#8243; _builder_version=&#8221;4.21.0&#8243; _module_preset=&#8221;default&#8221; background_color=&#8221;#FFFFFF&#8221; custom_padding=&#8221;||||false|false&#8221; hover_enabled=&#8221;0&#8243; global_colors_info=&#8221;{}&#8221; sticky_enabled=&#8221;0&#8243; custom_margin_last_edited=&#8221;on|desktop&#8221; custom_margin=&#8221;||||false|false&#8221; custom_margin_phone=&#8221;50px||50px||false|false&#8221; custom_margin_tablet=&#8221;||||false|false&#8221;][et_pb_row _builder_version=&#8221;4.21.0&#8243; _module_preset=&#8221;default&#8221; custom_margin=&#8221;-50px||10px||false|false&#8221; custom_padding=&#8221;0px||0px||false|false&#8221; link_option_url=&#8221;https:\/\/www.lorandisilos.it\/fr\/lorandisilos-fr\/&#8221; hover_enabled=&#8221;0&#8243; global_colors_info=&#8221;{}&#8221; use_custom_gutter=&#8221;on&#8221; width=&#8221;100%&#8221; sticky_enabled=&#8221;0&#8243;][et_pb_column type=&#8221;4_4&#8243; _builder_version=&#8221;4.18.0&#8243; _module_preset=&#8221;default&#8221; global_colors_info=&#8221;{}&#8221;][et_pb_image src=&#8221;https:\/\/packagink.com\/wp-content\/uploads\/2023\/06\/Lorandi_4colori_pos.png&#8221; title_text=&#8221;Lorandi_4colori_pos&#8221; url=&#8221;https:\/\/www.lorandisilos.it\/fr\/lorandisilos-fr\/&#8221; align=&#8221;center&#8221; _builder_version=&#8221;4.21.0&#8243; _module_preset=&#8221;default&#8221; width=&#8221;85%&#8221; custom_margin=&#8221;-30px||-30px||false|false&#8221; animation_style=&#8221;zoom&#8221; animation_duration=&#8221;2000ms&#8221; animation_starting_opacity=&#8221;100%&#8221; hover_enabled=&#8221;0&#8243; global_colors_info=&#8221;{}&#8221; sticky_enabled=&#8221;0&#8243; width_last_edited=&#8221;on|phone&#8221; width_phone=&#8221;100%&#8221; max_width=&#8221;100%&#8221; custom_margin_last_edited=&#8221;on|desktop&#8221; custom_margin_phone=&#8221;1px||1px||false|false&#8221; width_tablet=&#8221;85%&#8221; custom_margin_tablet=&#8221;-30px||-30px||false|false&#8221;][\/et_pb_image][\/et_pb_column][\/et_pb_row][\/et_pb_section][et_pb_section fb_built=&#8221;1&#8243; specialty=&#8221;on&#8221; _builder_version=&#8221;4.21.0&#8243; _module_preset=&#8221;default&#8221; background_color=&#8221;#2f2f2f&#8221; custom_margin=&#8221;-30px||-30px||false|false&#8221; custom_padding=&#8221;40px||0px||false|false&#8221; global_colors_info=&#8221;{}&#8221;][et_pb_column type=&#8221;1_2&#8243; _builder_version=&#8221;4.16&#8243; custom_padding=&#8221;|||&#8221; global_colors_info=&#8221;{}&#8221; custom_padding__hover=&#8221;|||&#8221;][et_pb_image src=&#8221;https:\/\/packagink.com\/wp-content\/uploads\/2023\/07\/IMG_3948-1-scaled.jpg&#8221; title_text=&#8221;IMG_3948&#8243; _builder_version=&#8221;4.21.0&#8243; _module_preset=&#8221;default&#8221; border_radii=&#8221;on|10px|10px|10px|10px&#8221; global_colors_info=&#8221;{}&#8221;][\/et_pb_image][et_pb_image src=&#8221;https:\/\/packagink.com\/wp-content\/uploads\/2023\/07\/100_5750-scaled.jpg&#8221; title_text=&#8221;100_5750&#8243; disabled_on=&#8221;on|off|off&#8221; _builder_version=&#8221;4.21.0&#8243; _module_preset=&#8221;default&#8221; global_colors_info=&#8221;{}&#8221;][\/et_pb_image][\/et_pb_column][et_pb_column type=&#8221;1_2&#8243; specialty_columns=&#8221;2&#8243; _builder_version=&#8221;4.16&#8243; custom_padding=&#8221;|||&#8221; global_colors_info=&#8221;{}&#8221; custom_padding__hover=&#8221;|||&#8221;][et_pb_row_inner disabled_on=&#8221;off|off|off&#8221; _builder_version=&#8221;4.21.0&#8243; _module_preset=&#8221;default&#8221; global_colors_info=&#8221;{}&#8221;][et_pb_column_inner saved_specialty_column_type=&#8221;1_2&#8243; _builder_version=&#8221;4.21.0&#8243; _module_preset=&#8221;default&#8221; global_colors_info=&#8221;{}&#8221;][et_pb_text _builder_version=&#8221;4.21.0&#8243; _module_preset=&#8221;default&#8221; text_font=&#8221;|700|||||||&#8221; text_text_color=&#8221;#FFFFFF&#8221; text_font_size=&#8221;16px&#8221; text_letter_spacing=&#8221;1px&#8221; text_line_height=&#8221;1.8em&#8221; header_font=&#8221;|700|||||||&#8221; header_text_align=&#8221;left&#8221; header_text_color=&#8221;#FFFFFF&#8221; header_letter_spacing=&#8221;1px&#8221; header_3_letter_spacing=&#8221;1px&#8221; header_3_line_height=&#8221;1.4em&#8221; background_layout=&#8221;dark&#8221; global_colors_info=&#8221;{}&#8221;]<\/p>\n<h3 class=\"title-heading-left\" data-fontsize=\"50\" data-lineheight=\"75\"><strong>Impegno, dedizione e determinazione dal 1952<\/strong><\/h3>\n<div class=\"fusion-text\">\n<p class=\"p1\">Lorandi Silos \u00e8 una realt\u00e0 al passo con i tempi, in grado di fornire un servizio su misura con logica industriale: per questo il cliente pu\u00f2 con fiducia affidarci il compito di rendere efficiente la produzione, grazie a silos, macchinari e componenti brevettati e certificati.<\/p>\n<p class=\"p1\">Consigliare, progettare, costruire e assistere: Un servizio completo non termina col collaudo finale del silos o della struttura, ma prosegue con un\u2019assistenza puntuale in tutto il mondo, grazie al costante monitoraggio degli impianti e macchine dalla nostra sede e alla rete di agenti esperti. Ogni problematica che pu\u00f2 sorgere, viene gestita in tempi ridotti dall\u2019agente esperto pi\u00f9 vicino alla vostra sede. Vogliamo che un prodotto Lorandi possa durare nel tempo e sia sempre al centro della nostra attenzione e il fulcro del vostro lavoro.<\/p>\n<\/div>\n<p>[\/et_pb_text][et_pb_image src=&#8221;https:\/\/packagink.com\/wp-content\/uploads\/2023\/07\/IMG_0963-scaled.jpg&#8221; title_text=&#8221;IMG_0963&#8243; _builder_version=&#8221;4.21.0&#8243; _module_preset=&#8221;default&#8221; global_colors_info=&#8221;{}&#8221;][\/et_pb_image][et_pb_button button_url=&#8221;https:\/\/www.lorandisilos.it\/fr\/lorandisilos-fr\/&#8221; url_new_window=&#8221;on&#8221; button_text=&#8221;www.lorandisilos.it&#8221; button_alignment=&#8221;center&#8221; _builder_version=&#8221;4.21.0&#8243; _module_preset=&#8221;default&#8221; custom_button=&#8221;on&#8221; button_text_color=&#8221;#0C71C3&#8243; button_border_radius=&#8221;10px&#8221; button_font=&#8221;|600|||||||&#8221; button_icon=&#8221;&#x41;||divi||400&#8243; custom_margin=&#8221;45px|||||&#8221; global_colors_info=&#8221;{}&#8221;][\/et_pb_button][\/et_pb_column_inner][\/et_pb_row_inner][\/et_pb_column][\/et_pb_section][et_pb_section fb_built=&#8221;1&#8243; _builder_version=&#8221;4.21.0&#8243; _module_preset=&#8221;default&#8221; background_color=&#8221;#2f2f2f&#8221; global_colors_info=&#8221;{}&#8221;][\/et_pb_section]<\/p>\n","protected":false},"excerpt":{"rendered":"<p>Impegno, dedizione e determinazione dal 1952 Lorandi Silos \u00e8 una realt\u00e0 al passo con i tempi, in grado di fornire un servizio su misura con logica industriale: per questo il cliente pu\u00f2 con fiducia affidarci il compito di rendere efficiente la produzione, grazie a silos, macchinari e componenti brevettati e certificati. Consigliare, progettare, costruire e [&hellip;]<\/p>\n","protected":false},"author":1,"featured_media":0,"parent":0,"menu_order":0,"comment_status":"closed","ping_status":"closed","template":"","meta":{"_et_pb_use_builder":"on","_et_pb_old_content":"","_et_gb_content_width":""},"yoast_head":"<!-- This site is optimized with the Yoast SEO plugin v20.4 - https:\/\/yoast.com\/wordpress\/plugins\/seo\/ -->\n<title>Lorandi - Maghreb Packag&#039;Ink Consulting<\/title>\n<meta name=\"description\" content=\"Sin dalla sua creazione, nel lontano 1961, Macchi S.p.A. \u00e8 sempre stata all\u2019avanguardia dello sviluppo tecnico degli impianti per la produzione di film in bolla.\" \/>\n<meta name=\"robots\" content=\"index, follow, max-snippet:-1, max-image-preview:large, max-video-preview:-1\" \/>\n<link rel=\"canonical\" href=\"https:\/\/packagink.com\/it\/lorandi\/\" \/>\n<meta property=\"og:locale\" content=\"it_IT\" \/>\n<meta property=\"og:type\" content=\"article\" \/>\n<meta property=\"og:title\" content=\"Lorandi - Maghreb Packag&#039;Ink Consulting\" \/>\n<meta property=\"og:description\" content=\"Sin dalla sua creazione, nel lontano 1961, Macchi S.p.A. \u00e8 sempre stata all\u2019avanguardia dello sviluppo tecnico degli impianti per la produzione di film in bolla.\" \/>\n<meta property=\"og:url\" content=\"https:\/\/packagink.com\/it\/lorandi\/\" \/>\n<meta property=\"og:site_name\" content=\"Maghreb Packag&#039;Ink Consulting\" \/>\n<meta property=\"article:publisher\" content=\"https:\/\/facebook.com\/m.packagink\" \/>\n<meta property=\"article:modified_time\" content=\"2023-07-03T16:01:14+00:00\" \/>\n<meta name=\"twitter:card\" content=\"summary_large_image\" \/>\n<meta name=\"twitter:site\" content=\"@inkpackag\" \/>\n<meta name=\"twitter:label1\" content=\"Tempo di lettura stimato\" \/>\n\t<meta name=\"twitter:data1\" content=\"3 minuti\" \/>\n<script type=\"application\/ld+json\" class=\"yoast-schema-graph\">{\"@context\":\"https:\/\/schema.org\",\"@graph\":[{\"@type\":\"WebPage\",\"@id\":\"https:\/\/packagink.com\/it\/lorandi\/\",\"url\":\"https:\/\/packagink.com\/it\/lorandi\/\",\"name\":\"Lorandi - Maghreb Packag&#039;Ink Consulting\",\"isPartOf\":{\"@id\":\"https:\/\/packagink.com\/#website\"},\"datePublished\":\"2023-07-02T20:36:31+00:00\",\"dateModified\":\"2023-07-03T16:01:14+00:00\",\"description\":\"Sin dalla sua creazione, nel lontano 1961, Macchi S.p.A. \u00e8 sempre stata all\u2019avanguardia dello sviluppo tecnico degli impianti per la produzione di film in bolla.\",\"breadcrumb\":{\"@id\":\"https:\/\/packagink.com\/it\/lorandi\/#breadcrumb\"},\"inLanguage\":\"it-IT\",\"potentialAction\":[{\"@type\":\"ReadAction\",\"target\":[\"https:\/\/packagink.com\/it\/lorandi\/\"]}]},{\"@type\":\"BreadcrumbList\",\"@id\":\"https:\/\/packagink.com\/it\/lorandi\/#breadcrumb\",\"itemListElement\":[{\"@type\":\"ListItem\",\"position\":1,\"name\":\"Accueil\",\"item\":\"https:\/\/packagink.com\/it\/\"},{\"@type\":\"ListItem\",\"position\":2,\"name\":\"Lorandi\"}]},{\"@type\":\"WebSite\",\"@id\":\"https:\/\/packagink.com\/#website\",\"url\":\"https:\/\/packagink.com\/\",\"name\":\"Maghreb Packag&#039;Ink Consulting\",\"description\":\"LINK THE EXCELLENCE\",\"publisher\":{\"@id\":\"https:\/\/packagink.com\/#organization\"},\"potentialAction\":[{\"@type\":\"SearchAction\",\"target\":{\"@type\":\"EntryPoint\",\"urlTemplate\":\"https:\/\/packagink.com\/?s={search_term_string}\"},\"query-input\":\"required name=search_term_string\"}],\"inLanguage\":\"it-IT\"},{\"@type\":\"Organization\",\"@id\":\"https:\/\/packagink.com\/#organization\",\"name\":\"Maghreb Packagink Consulting\",\"url\":\"https:\/\/packagink.com\/\",\"logo\":{\"@type\":\"ImageObject\",\"inLanguage\":\"it-IT\",\"@id\":\"https:\/\/packagink.com\/#\/schema\/logo\/image\/\",\"url\":\"https:\/\/packagink.com\/wp-content\/uploads\/2019\/11\/logo-MPC2.png\",\"contentUrl\":\"https:\/\/packagink.com\/wp-content\/uploads\/2019\/11\/logo-MPC2.png\",\"width\":2880,\"height\":437,\"caption\":\"Maghreb Packagink Consulting\"},\"image\":{\"@id\":\"https:\/\/packagink.com\/#\/schema\/logo\/image\/\"},\"sameAs\":[\"https:\/\/facebook.com\/m.packagink\",\"https:\/\/twitter.com\/inkpackag\",\"https:\/\/linkedin.com\/company\/maghreb-packag-ink-consulting\"]}]}<\/script>\n<!-- \/ Yoast SEO plugin. -->","yoast_head_json":{"title":"Lorandi - Maghreb Packag&#039;Ink Consulting","description":"Sin dalla sua creazione, nel lontano 1961, Macchi S.p.A. \u00e8 sempre stata all\u2019avanguardia dello sviluppo tecnico degli impianti per la produzione di film in bolla.","robots":{"index":"index","follow":"follow","max-snippet":"max-snippet:-1","max-image-preview":"max-image-preview:large","max-video-preview":"max-video-preview:-1"},"canonical":"https:\/\/packagink.com\/it\/lorandi\/","og_locale":"it_IT","og_type":"article","og_title":"Lorandi - Maghreb Packag&#039;Ink Consulting","og_description":"Sin dalla sua creazione, nel lontano 1961, Macchi S.p.A. \u00e8 sempre stata all\u2019avanguardia dello sviluppo tecnico degli impianti per la produzione di film in bolla.","og_url":"https:\/\/packagink.com\/it\/lorandi\/","og_site_name":"Maghreb Packag&#039;Ink Consulting","article_publisher":"https:\/\/facebook.com\/m.packagink","article_modified_time":"2023-07-03T16:01:14+00:00","twitter_card":"summary_large_image","twitter_site":"@inkpackag","twitter_misc":{"Tempo di lettura stimato":"3 minuti"},"schema":{"@context":"https:\/\/schema.org","@graph":[{"@type":"WebPage","@id":"https:\/\/packagink.com\/it\/lorandi\/","url":"https:\/\/packagink.com\/it\/lorandi\/","name":"Lorandi - Maghreb Packag&#039;Ink Consulting","isPartOf":{"@id":"https:\/\/packagink.com\/#website"},"datePublished":"2023-07-02T20:36:31+00:00","dateModified":"2023-07-03T16:01:14+00:00","description":"Sin dalla sua creazione, nel lontano 1961, Macchi S.p.A. \u00e8 sempre stata all\u2019avanguardia dello sviluppo tecnico degli impianti per la produzione di film in bolla.","breadcrumb":{"@id":"https:\/\/packagink.com\/it\/lorandi\/#breadcrumb"},"inLanguage":"it-IT","potentialAction":[{"@type":"ReadAction","target":["https:\/\/packagink.com\/it\/lorandi\/"]}]},{"@type":"BreadcrumbList","@id":"https:\/\/packagink.com\/it\/lorandi\/#breadcrumb","itemListElement":[{"@type":"ListItem","position":1,"name":"Accueil","item":"https:\/\/packagink.com\/it\/"},{"@type":"ListItem","position":2,"name":"Lorandi"}]},{"@type":"WebSite","@id":"https:\/\/packagink.com\/#website","url":"https:\/\/packagink.com\/","name":"Maghreb Packag&#039;Ink Consulting","description":"LINK THE EXCELLENCE","publisher":{"@id":"https:\/\/packagink.com\/#organization"},"potentialAction":[{"@type":"SearchAction","target":{"@type":"EntryPoint","urlTemplate":"https:\/\/packagink.com\/?s={search_term_string}"},"query-input":"required name=search_term_string"}],"inLanguage":"it-IT"},{"@type":"Organization","@id":"https:\/\/packagink.com\/#organization","name":"Maghreb Packagink Consulting","url":"https:\/\/packagink.com\/","logo":{"@type":"ImageObject","inLanguage":"it-IT","@id":"https:\/\/packagink.com\/#\/schema\/logo\/image\/","url":"https:\/\/packagink.com\/wp-content\/uploads\/2019\/11\/logo-MPC2.png","contentUrl":"https:\/\/packagink.com\/wp-content\/uploads\/2019\/11\/logo-MPC2.png","width":2880,"height":437,"caption":"Maghreb Packagink Consulting"},"image":{"@id":"https:\/\/packagink.com\/#\/schema\/logo\/image\/"},"sameAs":["https:\/\/facebook.com\/m.packagink","https:\/\/twitter.com\/inkpackag","https:\/\/linkedin.com\/company\/maghreb-packag-ink-consulting"]}]}},"_links":{"self":[{"href":"https:\/\/packagink.com\/it\/wp-json\/wp\/v2\/pages\/6143"}],"collection":[{"href":"https:\/\/packagink.com\/it\/wp-json\/wp\/v2\/pages"}],"about":[{"href":"https:\/\/packagink.com\/it\/wp-json\/wp\/v2\/types\/page"}],"author":[{"embeddable":true,"href":"https:\/\/packagink.com\/it\/wp-json\/wp\/v2\/users\/1"}],"replies":[{"embeddable":true,"href":"https:\/\/packagink.com\/it\/wp-json\/wp\/v2\/comments?post=6143"}],"version-history":[{"count":7,"href":"https:\/\/packagink.com\/it\/wp-json\/wp\/v2\/pages\/6143\/revisions"}],"predecessor-version":[{"id":6308,"href":"https:\/\/packagink.com\/it\/wp-json\/wp\/v2\/pages\/6143\/revisions\/6308"}],"wp:attachment":[{"href":"https:\/\/packagink.com\/it\/wp-json\/wp\/v2\/media?parent=6143"}],"curies":[{"name":"wp","href":"https:\/\/api.w.org\/{rel}","templated":true}]}}